{"id":987876,"date":"2022-06-05T18:25:55","date_gmt":"2022-06-05T16:25:55","guid":{"rendered":"https:\/\/stage.felicemusic.de\/?page_id=987876"},"modified":"2025-08-30T21:03:03","modified_gmt":"2025-08-30T19:03:03","slug":"media","status":"publish","type":"page","link":"https:\/\/felicemusic.de\/?page_id=987876","title":{"rendered":"Media"},"content":{"rendered":"<strong>Neues Album &#8222;Lighthouse&#8220;<\/strong><br \/>\n(V\u00d6: 12.04.2025)\n\t\t\t\t<img loading=\"lazy\" decoding=\"async\" src=\"https:\/\/felicemusic.de\/wp-content\/uploads\/2025\/04\/1-200x200.jpg\" alt=\"Frontansicht CD-H\u00fclle\" itemprop=\"image\" height=\"200\" width=\"200\" title=\"Albumcover &quot;Lighthouse&quot;\" onerror=\"this.style.display='none'\"  \/>\n\t<iframe loading=\"lazy\" title=\"Felice - Lighthouse (Official Music Video)\" width=\"960\" height=\"540\" src=\"https:\/\/www.youtube.com\/embed\/ozskVnivXzs?feature=oembed\" frameborder=\"0\" allow=\"accelerometer; autoplay; clipboard-write; encrypted-media; gyroscope; picture-in-picture; web-share\" referrerpolicy=\"strict-origin-when-cross-origin\" allowfullscreen><\/iframe>\n\t\t\t<a href=\"https:\/\/felicemusic.de\/?page_id=7\" target=\"_self\" rel=\"noopener\">\n\t\t\t\t\t\tZum Shop\n\t\t\t\t\t<\/a>\n\t<strong>Neue Single &#8222;Your Light&#8220;<\/strong><br \/>\n(V\u00d6: 18.11.2024)\n\t\t\t\t<img loading=\"lazy\" decoding=\"async\" src=\"https:\/\/felicemusic.de\/wp-content\/uploads\/2024\/10\/Your-Light-200x200.jpg\" alt=\"Your Light\" itemprop=\"image\" height=\"200\" width=\"200\" title=\"Your Light\" onerror=\"this.style.display='none'\"  \/>\n\t<iframe loading=\"lazy\" title=\"Your Light - Felice\" width=\"960\" height=\"540\" src=\"https:\/\/www.youtube.com\/embed\/x_GguK_zaU0?feature=oembed\" frameborder=\"0\" allow=\"accelerometer; autoplay; clipboard-write; encrypted-media; gyroscope; picture-in-picture; web-share\" referrerpolicy=\"strict-origin-when-cross-origin\" allowfullscreen><\/iframe>\n\t\t\t<a href=\"https:\/\/felicemusic.de\/?page_id=7\" target=\"_self\" rel=\"noopener\">\n\t\t\t\t\t\tZum Shop\n\t\t\t\t\t<\/a>\n\t<strong>Weihnachts-Single &#8222;Hold Together Now&#8220;\u00a0<\/strong><br \/>\nfeat: Orchestra Banda Lyra &#8211; Mojimirana (Brasilien)\n<p>(V\u00f6: 10.11.2023)<\/p>\n\t\t\t\t<img loading=\"lazy\" decoding=\"async\" src=\"https:\/\/felicemusic.de\/wp-content\/uploads\/2024\/10\/2-1-200x200.jpg\" alt=\"Cover Hold Together Now\" itemprop=\"image\" height=\"200\" width=\"200\" title=\"Cover Hold Together Now\" onerror=\"this.style.display='none'\"  \/>\n\t<iframe loading=\"lazy\" title=\"Hold Together Now -  Felice\" width=\"960\" height=\"540\" src=\"https:\/\/www.youtube.com\/embed\/yYMDMymleS0?feature=oembed\" frameborder=\"0\" allow=\"accelerometer; autoplay; clipboard-write; encrypted-media; gyroscope; picture-in-picture; web-share\" referrerpolicy=\"strict-origin-when-cross-origin\" allowfullscreen><\/iframe>\n\t\t\t<a href=\"https:\/\/felicemusic.de\/?page_id=7\" target=\"_self\" rel=\"noopener\">\n\t\t\t\t\t\tzum Shop\n\t\t\t\t\t<\/a>\n\t<strong>Das exklusive Orchester Album<\/strong><br \/>\n<strong>&#8222;Keep Me Where the Light Is&#8220;<\/strong>\n<p>&nbsp;<\/p>\n<p><em>Musik, die dich tief ber\u00fchrt und in jedem Moment das Gef\u00fchl gibt, nicht allein zu sein.<\/em><\/p>\n\t\t\t\t<a href=\"https:\/\/felicemusic.de\/?product=felice-keep-me-where-the-light-is-album-2022\" target=\"_blank\" rel=\"noopener\" itemprop=\"url\">\n\t\t\t\t<img loading=\"lazy\" decoding=\"async\" src=\"https:\/\/felicemusic.de\/wp-content\/uploads\/2022\/06\/Cover-Felice-Keep-me-where-the-Light-is-200x200.jpg\" alt=\"Felice - Keep me where the Light is\" itemprop=\"image\" height=\"200\" width=\"200\" title=\"Felice - Keep me where the Light is\" onerror=\"this.style.display='none'\"  \/>\n\t\t\t\t<\/a>\n\t<iframe loading=\"lazy\" title=\"Teaser - Keep Me Where The Light Is by Felice\" width=\"960\" height=\"540\" src=\"https:\/\/www.youtube.com\/embed\/35v8PrRGqfg?feature=oembed\" frameborder=\"0\" allow=\"accelerometer; autoplay; clipboard-write; encrypted-media; gyroscope; picture-in-picture; web-share\" referrerpolicy=\"strict-origin-when-cross-origin\" allowfullscreen><\/iframe>\n\t\t\t<a href=\"https:\/\/felicemusic.de\/?post_type=product\" target=\"_self\" rel=\"noopener\">\n\t\t\t\t\t\tzum Shop\n\t\t\t\t\t<\/a>\n\t<blockquote><p><strong>H\u00f6rprobe: Keep Me Where The Light Is<\/strong><\/p>\n<p>Entdecke den Sound, der unter die Haut geht &#8211; jetzt reinh\u00f6ren.<\/p><\/blockquote>\n\t\t<meta itemprop=\"url\" content=\"https:\/\/felicemusic.de\/wp-content\/uploads\/2024\/11\/Teaser-Album-Keep-me-where-the-Light-is-2024.mp3\" \/><!--[if lt IE 9]><script>document.createElement('audio');<\/script><![endif]-->\n<audio class=\"wp-audio-shortcode\" id=\"audio-987876-1\" preload=\"none\" style=\"width: 100%;\" controls=\"controls\"><source type=\"audio\/mpeg\" src=\"https:\/\/felicemusic.de\/wp-content\/uploads\/2024\/11\/Teaser-Album-Keep-me-where-the-Light-is-2024.mp3?_=1\" \/><a href=\"https:\/\/felicemusic.de\/wp-content\/uploads\/2024\/11\/Teaser-Album-Keep-me-where-the-Light-is-2024.mp3\">https:\/\/felicemusic.de\/wp-content\/uploads\/2024\/11\/Teaser-Album-Keep-me-where-the-Light-is-2024.mp3<\/a><\/audio>","protected":false},"excerpt":{"rendered":"<p>Neues Album &#8222;Lighthouse&#8220; (V\u00d6: 12.04.2025) Zum Shop Neue Single &#8222;Your Light&#8220; (V\u00d6: 18.11.2024) Zum Shop Weihnachts-Single &#8222;Hold Together Now&#8220;\u00a0 feat: Orchestra Banda Lyra &#8211; Mojimirana (Brasilien) (V\u00f6: 10.11.2023) zum Shop Das exklusive Orchester Album &#8222;Keep Me Where the Light Is&#8220; &nbsp; Musik, die dich tief ber\u00fchrt und in jedem Moment das Gef\u00fchl gibt, nicht allein zu sein. zum Shop H\u00f6rprobe: Keep Me Where The Light Is Entdecke den Sound, der unter die Haut geht &#8211; jetzt reinh\u00f6ren.<\/p>\n","protected":false},"author":1,"featured_media":0,"parent":0,"menu_order":0,"comment_status":"closed","ping_status":"closed","template":"","meta":{"inline_featured_image":false,"footnotes":""},"class_list":["post-987876","page","type-page","status-publish","hentry"],"_links":{"self":[{"href":"https:\/\/felicemusic.de\/index.php?rest_route=\/wp\/v2\/pages\/987876"}],"collection":[{"href":"https:\/\/felicemusic.de\/index.php?rest_route=\/wp\/v2\/pages"}],"about":[{"href":"https:\/\/felicemusic.de\/index.php?rest_route=\/wp\/v2\/types\/page"}],"author":[{"embeddable":true,"href":"https:\/\/felicemusic.de\/index.php?rest_route=\/wp\/v2\/users\/1"}],"replies":[{"embeddable":true,"href":"https:\/\/felicemusic.de\/index.php?rest_route=%2Fwp%2Fv2%2Fcomments&post=987876"}],"version-history":[{"count":21,"href":"https:\/\/felicemusic.de\/index.php?rest_route=\/wp\/v2\/pages\/987876\/revisions"}],"predecessor-version":[{"id":988576,"href":"https:\/\/felicemusic.de\/index.php?rest_route=\/wp\/v2\/pages\/987876\/revisions\/988576"}],"wp:attachment":[{"href":"https:\/\/felicemusic.de\/index.php?rest_route=%2Fwp%2Fv2%2Fmedia&parent=987876"}],"curies":[{"name":"wp","href":"https:\/\/api.w.org\/{rel}","templated":true}]}}