{"id":987909,"date":"2022-06-05T19:27:22","date_gmt":"2022-06-05T17:27:22","guid":{"rendered":"https:\/\/stage.felicemusic.de\/?page_id=987909"},"modified":"2026-04-28T11:51:10","modified_gmt":"2026-04-28T09:51:10","slug":"impressum","status":"publish","type":"page","link":"https:\/\/felicemusic.de\/?page_id=987909","title":{"rendered":"Impressum"},"content":{"rendered":"<h6>Angaben gem\u00e4\u00df \u00a7 5 DDG:<\/h6>\n<h6 id=\"m56\">Kontaktm\u00f6glichkeiten<\/h6>\n<h6>E-Mail-Adresse:<br \/>\nfelicemusic.berlin@yahoo.de<\/h6>\n<p>Diensteanbieter<\/p>\n<h6>Felice D\u00fcrrfeld<br \/>\nBahnhofstra\u00dfe 4<br \/>\n31863 Coppenbr\u00fcgge<br \/>\nDeutschland<\/h6>\n<p>Steuer-Nr.: 22\/110\/00597<\/p>\n<h6 id=\"m56\">Kontaktm\u00f6glichkeiten<\/h6>\n<h6>E-Mail-Adresse: felicemusic.berlin@yahoo.de<\/h6>\n<h6 id=\"m153\">Vertretungsberechtigte Personen<\/h6>\n<h6>Vertretungsberechtigt: Felice D\u00fcrrfeld<\/h6>\n<h6 id=\"m3589\">Audiovisuelle Mediendienste<\/h6>\n<h6>Sitzland: Deutschland.<\/h6>\n<h6>Zust\u00e4ndige Regulierungs-, bzw. Aufsichtsbeh\u00f6rde: Medienanstalt Berlin-Brandenburg (mabb), www.mabb.de.<\/h6>\n<h6 id=\"m174\">Online-Streitbeilegung (OS)<\/h6>\n<h6>Online-Streitbeilegung: Die Europ\u00e4ische Kommission stellt eine Plattform zur Online-Streitbeilegung (OS) bereit, die Sie unter\u00a0<a href=\"https:\/\/ec.europa.eu\/consumers\/odr\/\" target=\"_blank\" rel=\"noopener\">https:\/\/ec.europa.eu\/consumers\/odr\/<\/a>\u00a0finden. Verbraucher haben die M\u00f6glichkeit, diese Plattform f\u00fcr die Beilegung ihrer Streitigkeiten zu nutzen.<\/h6>\n<p>Social Media und andere Onlinepr\u00e4senzen<\/p>\n<h6>Dieses Impressum gilt auch f\u00fcr die folgenden Social-Media-Pr\u00e4senzen und Onlineprofile:<\/h6>\n\n<blockquote>\n<h6>https:\/\/www.facebook.com\/Felicemusic.official<\/h6>\n<h6>https:\/\/www.instagram.com\/felicemusic.official\/<\/h6>\n<h6>https:\/\/www.youtube.com\/@FeliceMusic.offical<\/h6>\n<h6>https:\/\/www.tiktok.com\/@felicemusic.official<\/h6>\n<p>&nbsp;<\/p><\/blockquote>\n<h6 id=\"m65\">Haftungs- und Schutzrechtshinweise<\/h6>\n<h6>Haftungsausschluss: Die Inhalte dieses Onlineangebotes wurden sorgf\u00e4ltig und nach unserem aktuellen Kenntnisstand erstellt, dienen jedoch nur der Information und entfalten keine rechtlich bindende Wirkung, sofern es sich nicht um gesetzlich verpflichtende Informationen (z.B. das Impressum, die Datenschutzerkl\u00e4rung, AGB oder verpflichtende Belehrungen von Verbrauchern) handelt. Wir behalten uns vor, die Inhalte vollst\u00e4ndig oder teilweise zu \u00e4ndern oder zu l\u00f6schen, soweit vertragliche Verpflichtungen unber\u00fchrt bleiben. Alle Angebote sind freibleibend und unverbindlich.<\/h6>\n<h6>Links auf fremde Webseiten: Die Inhalte fremder Webseiten, auf die wir direkt oder indirekt verweisen, liegen au\u00dferhalb unseres Verantwortungsbereiches und wir machen sie uns nicht zu Eigen. F\u00fcr alle Inhalte und Nachteile, die aus der Nutzung der in den verlinkten Webseiten aufrufbaren Informationen entstehen, \u00fcbernehmen wir keine Verantwortung.<\/h6>\n<h6>Urheberrechte und Markenrechte: Alle auf dieser Website dargestellten Inhalte, wie Texte, Fotografien, Grafiken, Marken und Warenzeichen sind durch die jeweiligen Schutzrechte (Urheberrechte, Markenrechte) gesch\u00fctzt. Die Verwendung, Vervielf\u00e4ltigung usw. unterliegen unseren Rechten oder den Rechten der jeweiligen Urheber bzw. Rechteinhaber.<\/h6>\n<h6>Hinweise auf Rechtsverst\u00f6\u00dfe: Sollten Sie innerhalb unseres Internetauftritts Rechtsverst\u00f6\u00dfe bemerken, bitten wir Sie uns auf diese hinzuweisen. Wir werden rechtswidrige Inhalte und Links nach Kenntnisnahme unverz\u00fcglich entfernen.<\/h6>","protected":false},"excerpt":{"rendered":"<p>Angaben gem\u00e4\u00df \u00a7 5 DDG: Kontaktm\u00f6glichkeiten E-Mail-Adresse: felicemusic.berlin@yahoo.de Diensteanbieter Felice D\u00fcrrfeld Bahnhofstra\u00dfe 4 31863 Coppenbr\u00fcgge Deutschland Steuer-Nr.: 22\/110\/00597 Kontaktm\u00f6glichkeiten E-Mail-Adresse: felicemusic.berlin@yahoo.de Vertretungsberechtigte Personen Vertretungsberechtigt: Felice D\u00fcrrfeld Audiovisuelle Mediendienste Sitzland: Deutschland. Zust\u00e4ndige Regulierungs-, bzw. Aufsichtsbeh\u00f6rde: Medienanstalt Berlin-Brandenburg (mabb), www.mabb.de. Online-Streitbeilegung (OS) Online-Streitbeilegung: Die Europ\u00e4ische Kommission stellt eine Plattform zur Online-Streitbeilegung (OS) bereit, die Sie unter\u00a0https:\/\/ec.europa.eu\/consumers\/odr\/\u00a0finden. Verbraucher haben die M\u00f6glichkeit, diese Plattform f\u00fcr die Beilegung ihrer Streitigkeiten zu nutzen. Social Media und andere Onlinepr\u00e4senzen Dieses Impressum gilt auch f\u00fcr die folgenden Social-Media-Pr\u00e4senzen und Onlineprofile: https:\/\/www.facebook.com\/Felicemusic.official https:\/\/www.instagram.com\/felicemusic.official\/ https:\/\/www.youtube.com\/@FeliceMusic.offical https:\/\/www.tiktok.com\/@felicemusic.official &nbsp; Haftungs- und Schutzrechtshinweise Haftungsausschluss: Die Inhalte dieses Onlineangebotes wurden sorgf\u00e4ltig und nach unserem aktuellen Kenntnisstand erstellt, dienen jedoch nur der Information und entfalten keine rechtlich bindende Wirkung, sofern es sich nicht um gesetzlich verpflichtende Informationen (z.B. das Impressum, die Datenschutzerkl\u00e4rung, AGB oder verpflichtende Belehrungen von Verbrauchern) handelt. Wir behalten uns vor, die Inhalte vollst\u00e4ndig oder teilweise zu \u00e4ndern oder zu l\u00f6schen, soweit vertragliche Verpflichtungen unber\u00fchrt bleiben. Alle Angebote sind freibleibend und unverbindlich. Links auf fremde Webseiten: Die Inhalte fremder Webseiten, auf die wir direkt oder indirekt verweisen, liegen au\u00dferhalb unseres Verantwortungsbereiches und wir machen sie uns nicht zu Eigen. F\u00fcr alle Inhalte und Nachteile, die aus der Nutzung der in den verlinkten Webseiten aufrufbaren Informationen entstehen, \u00fcbernehmen wir keine Verantwortung. Urheberrechte und Markenrechte: Alle auf dieser Website dargestellten Inhalte, wie Texte, Fotografien, Grafiken, Marken und Warenzeichen sind durch die jeweiligen Schutzrechte (Urheberrechte, Markenrechte) gesch\u00fctzt. Die Verwendung, Vervielf\u00e4ltigung usw. unterliegen unseren Rechten oder den Rechten der jeweiligen Urheber bzw. Rechteinhaber. Hinweise auf Rechtsverst\u00f6\u00dfe: Sollten Sie innerhalb unseres Internetauftritts Rechtsverst\u00f6\u00dfe bemerken, bitten wir Sie uns auf diese hinzuweisen. Wir werden rechtswidrige Inhalte und Links nach Kenntnisnahme unverz\u00fcglich entfernen.<\/p>\n","protected":false},"author":1,"featured_media":0,"parent":0,"menu_order":0,"comment_status":"closed","ping_status":"closed","template":"","meta":{"inline_featured_image":false,"footnotes":""},"class_list":["post-987909","page","type-page","status-publish","hentry"],"_links":{"self":[{"href":"https:\/\/felicemusic.de\/index.php?rest_route=\/wp\/v2\/pages\/987909"}],"collection":[{"href":"https:\/\/felicemusic.de\/index.php?rest_route=\/wp\/v2\/pages"}],"about":[{"href":"https:\/\/felicemusic.de\/index.php?rest_route=\/wp\/v2\/types\/page"}],"author":[{"embeddable":true,"href":"https:\/\/felicemusic.de\/index.php?rest_route=\/wp\/v2\/users\/1"}],"replies":[{"embeddable":true,"href":"https:\/\/felicemusic.de\/index.php?rest_route=%2Fwp%2Fv2%2Fcomments&post=987909"}],"version-history":[{"count":4,"href":"https:\/\/felicemusic.de\/index.php?rest_route=\/wp\/v2\/pages\/987909\/revisions"}],"predecessor-version":[{"id":988592,"href":"https:\/\/felicemusic.de\/index.php?rest_route=\/wp\/v2\/pages\/987909\/revisions\/988592"}],"wp:attachment":[{"href":"https:\/\/felicemusic.de\/index.php?rest_route=%2Fwp%2Fv2%2Fmedia&parent=987909"}],"curies":[{"name":"wp","href":"https:\/\/api.w.org\/{rel}","templated":true}]}}