{"id":988226,"date":"2024-10-14T12:55:34","date_gmt":"2024-10-14T10:55:34","guid":{"rendered":"https:\/\/felicemusic.de\/?page_id=988226"},"modified":"2025-08-30T20:35:22","modified_gmt":"2025-08-30T18:35:22","slug":"wer-singt-hier","status":"publish","type":"page","link":"https:\/\/felicemusic.de\/?page_id=988226","title":{"rendered":"Wer singt hier?"},"content":{"rendered":"<img loading=\"lazy\" decoding=\"async\" src=\"https:\/\/felicemusic.de\/wp-content\/uploads\/2024\/10\/15-500x500.jpg\" alt=\"15\" itemprop=\"image\" height=\"500\" width=\"500\" title=\"15\" onerror=\"this.style.display='none'\"  \/>\n<blockquote><p>Felice, bekannt als Stimme und Frontfrau des <a href=\"https:\/\/www.felice-cortes.com\/\" target=\"_blank\" rel=\"noopener\">erfolgreichen Duos Felice &amp; Cortes<\/a>, begeistert seit u\u0308ber einem Jahrzehnt das Publikum mit au\u00dfergewo\u0308hnlichen Musik- und Bu\u0308hnenshows und wurde dafu\u0308r mit zahlreichen Preisen geehrt. Die Sa\u0308ngerin und Songwriterin wuchs in Berlin als eines von drei Kindern auf und erarbeitete sich ihren musikalischen Weg fru\u0308h selbst. Heute begeistert Felice als international ta\u0308tige Ku\u0308nstlerin und verknu\u0308pft in ihren Bu\u0308hnenproduktionen Musik, Artistik und visuelle Kunst zu einer neuen, einzigartigen Showform.<\/p>\n<p>Zur Vero\u0308ffentlichung ihres zweiten Studioalbums im Jahr 2025 plant Felice eine exklusive Akkustiktour, bei der sie sich auf Gitarre und Klavier begleitet. Die Konzerte versprechen intensive Momente und eine besondere Na\u0308he zum Publikum. Mit ausdrucksstarkem Songwriting und einer Stimme, die tief beru\u0308hrt, verleiht sie ihren Songs eine unvergessliche Kraft, von der Scho\u0308nheit des Lebens bis hin zu den tiefsten Gefu\u0308hlen.<\/p><\/blockquote>\n\t\t\t<a href=\"https:\/\/www.felice-cortes.com\/\" target=\"_blank\" rel=\"noopener\">\n\t\t\t\t\t\t\tFelice &#038; Cortes &#8211; Live Musik &#8211; Artistik &#8211; Poesie\n\t\t\t\t\t<\/a>\n\t\t\t\t<img loading=\"lazy\" decoding=\"async\" src=\"https:\/\/felicemusic.de\/wp-content\/uploads\/2024\/10\/Your-Light-500x500.jpg\" alt=\"Your Light\" itemprop=\"image\" height=\"500\" width=\"500\" title=\"Your Light\" onerror=\"this.style.display='none'\"  \/>\n\t<blockquote>\n<h3><strong>SINGLE RELEASE &#8211; OUT NOW<\/strong><\/h3>\n<p>Mit ihrer unverwechselbaren Stimme und einer unb\u00e4ndigen Leidenschaft f\u00fcr ehrliche Musik meldet sich Felice mit ihrer neuesten Single YOUR LIGHT zur\u00fcck. Eine Mischung aus emotionaler Tiefe und mitrei\u00dfender Melodie &#8211; dieser Song l\u00e4sst niemanden unber\u00fchrt. Authentisch, kraftvoll und zugleich zart &#8211; Felice schafft es, mit wenigen T\u00f6nen eine ganze Welt voller Gef\u00fchle zu \u00f6ffnen.<\/p>\n<p>Wenn du Musik suchst, die dich wirklich ber\u00fchrt, dann ist dieser Song genau der richtige Soundtrack f\u00fcr deine Momente. Lass dich von Felices einzigartiger Stimme verzaubern und entdecke, warum sie im internationalen Vergleich auf Augenh\u00f6he ist.<\/p><\/blockquote>\n<p>&nbsp;<\/p>\n\t\t\t<a href=\"https:\/\/www.youtube.com\/watch?v=x_GguK_zaU0\" target=\"_blank\" rel=\"noopener\">\n\t\t\t\t\t\tMusikvideo auf YouTube\n\t\t\t\t\t<\/a>\n\t\t\t\t<img loading=\"lazy\" decoding=\"async\" src=\"https:\/\/felicemusic.de\/wp-content\/uploads\/2024\/10\/Follow-me-scaled.jpg\" alt=\"Follow me\" itemprop=\"image\" height=\"1443\" width=\"2560\" title=\"Follow me\" onerror=\"this.style.display='none'\"  \/>\n\t<blockquote>\n<h3><strong>WERDE TEIL DER COMMUNITY<\/strong><\/h3>\n<p>Willst du keinen Moment verpassen? Folge Felice auf Social Media und sei hautnah dabei, wenn neue Musik entsteht, exklusive Live-Einblicke geteilt werden und spontane musikalische Highlights passieren.<\/p>\n<p>Hier findest du alles, was es nur abseits der B\u00fchne zu sehen gibt: pers\u00f6nliche Einblicke, Backstage-Momente und die ersten News \u00fcber kommende Konzerte. Begleite Felice auf ihrer kreativen Reise und werde Teil einer wachsenden Community, die authentische Musik liebt.<\/p>\n<p>Jetzt folgen und nichts verpassen!<\/p><\/blockquote>\n\t\t\t<a href=\"https:\/\/www.instagram.com\/felicemusic.official\/\" target=\"_self\" rel=\"noopener\">\n\t\t\t\t\t\tUpdates auf Instagram\n\t\t\t\t\t<\/a>\n\t\t\t<a href=\"https:\/\/www.youtube.com\/@FeliceMusic.offical\" target=\"_self\" rel=\"noopener\">\n\t\t\t\t\t\tFelice&#8216; Youtube Channel\n\t\t\t\t\t<\/a>\n\t\t\t<a href=\"https:\/\/www.facebook.com\/Felicemusic.official\" target=\"_self\" rel=\"noopener\">\n\t\t\t\t\t\tFollow Felice&#8216; Facebook\n\t\t\t\t\t<\/a>\n\t\t\t<a href=\"https:\/\/www.tiktok.com\/@felicemusic.official\" target=\"_self\" rel=\"noopener\">\n\t\t\t\t\t\tTime f\u00fcr TikTok\n\t\t\t\t\t<\/a>","protected":false},"excerpt":{"rendered":"<p>Felice, bekannt als Stimme und Frontfrau des erfolgreichen Duos Felice &amp; Cortes, begeistert seit u\u0308ber einem Jahrzehnt das Publikum mit au\u00dfergewo\u0308hnlichen Musik- und Bu\u0308hnenshows und wurde dafu\u0308r mit zahlreichen Preisen geehrt. Die Sa\u0308ngerin und Songwriterin wuchs in Berlin als eines von drei Kindern auf und erarbeitete sich ihren musikalischen Weg fru\u0308h selbst. Heute begeistert Felice als international ta\u0308tige Ku\u0308nstlerin und verknu\u0308pft in ihren Bu\u0308hnenproduktionen Musik, Artistik und visuelle Kunst zu einer neuen, einzigartigen Showform. Zur Vero\u0308ffentlichung ihres zweiten Studioalbums im Jahr 2025 plant Felice eine exklusive Akkustiktour, bei der sie sich auf Gitarre und Klavier begleitet. Die Konzerte versprechen intensive Momente und eine besondere Na\u0308he zum Publikum. Mit ausdrucksstarkem Songwriting und einer Stimme, die tief beru\u0308hrt, verleiht sie ihren Songs eine unvergessliche Kraft, von der Scho\u0308nheit des Lebens bis hin zu den tiefsten Gefu\u0308hlen. Felice &#038; Cortes &#8211; Live Musik &#8211; Artistik &#8211; Poesie SINGLE RELEASE &#8211; OUT NOW Mit ihrer unverwechselbaren Stimme und einer unb\u00e4ndigen Leidenschaft f\u00fcr ehrliche Musik meldet sich Felice mit ihrer neuesten Single YOUR LIGHT zur\u00fcck. Eine Mischung aus emotionaler Tiefe und mitrei\u00dfender Melodie &#8211; dieser Song l\u00e4sst niemanden unber\u00fchrt. Authentisch, kraftvoll und zugleich zart &#8211; Felice schafft es, mit wenigen T\u00f6nen eine ganze Welt voller Gef\u00fchle zu \u00f6ffnen. Wenn du Musik suchst, die dich wirklich ber\u00fchrt, dann ist dieser Song genau der richtige Soundtrack f\u00fcr deine Momente. Lass dich von Felices einzigartiger Stimme verzaubern und entdecke, warum sie im internationalen Vergleich auf Augenh\u00f6he ist. &nbsp; Musikvideo auf YouTube WERDE TEIL DER COMMUNITY Willst du keinen Moment verpassen? Folge Felice auf Social Media und sei hautnah dabei, wenn neue Musik entsteht, exklusive Live-Einblicke geteilt werden und spontane musikalische Highlights passieren. Hier findest du alles, was es nur abseits der B\u00fchne zu sehen gibt: pers\u00f6nliche Einblicke, Backstage-Momente und die ersten News \u00fcber kommende Konzerte. Begleite Felice auf ihrer kreativen Reise und werde Teil einer wachsenden Community, die authentische Musik liebt. Jetzt folgen und nichts verpassen! Updates auf Instagram Felice&#8216; Youtube Channel Follow Felice&#8216; Facebook Time f\u00fcr TikTok<\/p>\n","protected":false},"author":1,"featured_media":0,"parent":0,"menu_order":0,"comment_status":"closed","ping_status":"closed","template":"","meta":{"inline_featured_image":false,"footnotes":""},"class_list":["post-988226","page","type-page","status-publish","hentry"],"_links":{"self":[{"href":"https:\/\/felicemusic.de\/index.php?rest_route=\/wp\/v2\/pages\/988226"}],"collection":[{"href":"https:\/\/felicemusic.de\/index.php?rest_route=\/wp\/v2\/pages"}],"about":[{"href":"https:\/\/felicemusic.de\/index.php?rest_route=\/wp\/v2\/types\/page"}],"author":[{"embeddable":true,"href":"https:\/\/felicemusic.de\/index.php?rest_route=\/wp\/v2\/users\/1"}],"replies":[{"embeddable":true,"href":"https:\/\/felicemusic.de\/index.php?rest_route=%2Fwp%2Fv2%2Fcomments&post=988226"}],"version-history":[{"count":12,"href":"https:\/\/felicemusic.de\/index.php?rest_route=\/wp\/v2\/pages\/988226\/revisions"}],"predecessor-version":[{"id":988570,"href":"https:\/\/felicemusic.de\/index.php?rest_route=\/wp\/v2\/pages\/988226\/revisions\/988570"}],"wp:attachment":[{"href":"https:\/\/felicemusic.de\/index.php?rest_route=%2Fwp%2Fv2%2Fmedia&parent=988226"}],"curies":[{"name":"wp","href":"https:\/\/api.w.org\/{rel}","templated":true}]}}