{"id":988017,"date":"2022-06-06T16:57:05","date_gmt":"2022-06-06T14:57:05","guid":{"rendered":"https:\/\/stage.felicemusic.de\/?post_type=product&#038;p=988017"},"modified":"2025-04-01T14:07:16","modified_gmt":"2025-04-01T12:07:16","slug":"felice-keep-me-where-the-light-is-album-2022","status":"publish","type":"product","link":"https:\/\/felicemusic.de\/?product=felice-keep-me-where-the-light-is-album-2022","title":{"rendered":"Keep Me Where The Light Is &#8211; CD (Album 2022)"},"content":{"rendered":"<p>Reinh\u00f6ren:<\/p>\n<!--[if lt IE 9]><script>document.createElement('audio');<\/script><![endif]-->\n<audio class=\"wp-audio-shortcode\" id=\"audio-988017-1\" preload=\"none\" style=\"width: 100%;\" controls=\"controls\"><source type=\"audio\/mpeg\" src=\"https:\/\/felicemusic.de\/wp-content\/uploads\/2024\/11\/Teaser-Album-Keep-me-where-the-Light-is-2024.mp3?_=1\" \/><a href=\"https:\/\/felicemusic.de\/wp-content\/uploads\/2024\/11\/Teaser-Album-Keep-me-where-the-Light-is-2024.mp3\">https:\/\/felicemusic.de\/wp-content\/uploads\/2024\/11\/Teaser-Album-Keep-me-where-the-Light-is-2024.mp3<\/a><\/audio>\n<p>&nbsp;<\/p>\n<p>Felice hat ihr erstes Soloalbum <em>\u201eKeep Me Where the Light Is\u201c<\/em> (V\u00d6: 2022) gemeinsam mit dem renommierten Berliner Produzenten Thommy Hein produziert. \u00dcber mehrere Wochen hinweg tauchten sie im Studio an der Hasenheide tief in die emotionale Welt von Felices Songs ein und schufen eine Klanglandschaft voller Intensit\u00e4t und Tiefe. Jeder Song erz\u00e4hlt eine eigene Geschichte, die in Sound und Gef\u00fchl \u00fcbersetzt wurde \u2013 eine Mischung aus gro\u00dfen Balladen, erdigem Soul und einem Hauch Rock, alles mit authentischem Ausdruck. Ein besonderes Highlight des Albums ist der Song <em>\u201eI Sing You an Embrace\u201c<\/em>, der in Zusammenarbeit mit dem brasilianischen Orchester Lyra Mojimiriana aufgenommen wurde. Die kraftvolle Orchestrierung in Kombination mit Felices Stimme verleiht diesem St\u00fcck eine au\u00dfergew\u00f6hnliche Tiefe und emotionale Weite. Das Album f\u00fchlt sich wie ein Spiegel des Lebens an, in dem sich jeder ein St\u00fcck wiederfinden kann. Vor allem aber lernt man Felice kennen, die in den Songs ihre Begegnungen, Herausforderungen und Erlebnisse zu einer lebendigen Musiklandschaft verbindet!<\/p>\n","protected":false},"excerpt":{"rendered":"<p>zzgl. 2,00 Euro Versand<\/p>\n<p>Reinh\u00f6ren:<\/p>\n[audio mp3=\"https:\/\/felicemusic.de\/wp-content\/uploads\/2024\/11\/Teaser-Album-Keep-me-where-the-Light-is-2024.mp3\"][\/audio]\n<p>&nbsp;<\/p>\n<p>Felice hat ihr erstes Soloalbum <em>\u201eKeep Me Where the Light Is\u201c<\/em> (V\u00d6: 2022) gemeinsam mit dem renommierten Berliner Produzenten Thommy Hein produziert. \u00dcber mehrere Wochen hinweg tauchten sie im Studio an der Hasenheide tief in die emotionale Welt von Felices Songs ein und schufen eine Klanglandschaft voller Intensit\u00e4t und Tiefe. Jeder Song erz\u00e4hlt eine eigene Geschichte, die in Sound und Gef\u00fchl \u00fcbersetzt wurde \u2013 eine Mischung aus gro\u00dfen Balladen, erdigem Soul und einem Hauch Rock, alles mit authentischem Ausdruck. Das Album f\u00fchlt sich wie ein Spiegel des Lebens an, in dem sich jeder ein St\u00fcck wiederfinden kann. Vor allem aber lernt man Felice kennen, die in den Songs ihre Begegnungen, Herausforderungen und Erlebnisse zu einer lebendigen Musiklandschaft verbindet!<\/p>\n","protected":false},"featured_media":988018,"comment_status":"open","ping_status":"closed","template":"","meta":{"inline_featured_image":false},"product_cat":[103],"product_tag":[105,104,108,106,107],"class_list":{"0":"post-988017","1":"product","2":"type-product","3":"status-publish","4":"has-post-thumbnail","6":"product_cat-music","7":"product_tag-album","8":"product_tag-cd","9":"product_tag-download","10":"product_tag-music","11":"product_tag-solo","12":"product_shipping_class-brief-cds","14":"first","15":"instock","16":"sale","17":"featured","18":"shipping-taxable","19":"purchasable","20":"product-type-simple"},"_links":{"self":[{"href":"https:\/\/felicemusic.de\/index.php?rest_route=\/wp\/v2\/product\/988017"}],"collection":[{"href":"https:\/\/felicemusic.de\/index.php?rest_route=\/wp\/v2\/product"}],"about":[{"href":"https:\/\/felicemusic.de\/index.php?rest_route=\/wp\/v2\/types\/product"}],"replies":[{"embeddable":true,"href":"https:\/\/felicemusic.de\/index.php?rest_route=%2Fwp%2Fv2%2Fcomments&post=988017"}],"wp:featuredmedia":[{"embeddable":true,"href":"https:\/\/felicemusic.de\/index.php?rest_route=\/wp\/v2\/media\/988018"}],"wp:attachment":[{"href":"https:\/\/felicemusic.de\/index.php?rest_route=%2Fwp%2Fv2%2Fmedia&parent=988017"}],"wp:term":[{"taxonomy":"product_cat","embeddable":true,"href":"https:\/\/felicemusic.de\/index.php?rest_route=%2Fwp%2Fv2%2Fproduct_cat&post=988017"},{"taxonomy":"product_tag","embeddable":true,"href":"https:\/\/felicemusic.de\/index.php?rest_route=%2Fwp%2Fv2%2Fproduct_tag&post=988017"}],"curies":[{"name":"wp","href":"https:\/\/api.w.org\/{rel}","templated":true}]}}