{"id":988101,"date":"2024-10-13T12:44:15","date_gmt":"2024-10-13T10:44:15","guid":{"rendered":"https:\/\/felicemusic.de\/?post_type=product&#038;p=988101"},"modified":"2024-11-26T23:09:23","modified_gmt":"2024-11-26T22:09:23","slug":"your-light-single-vo-18-11-24","status":"publish","type":"product","link":"https:\/\/felicemusic.de\/?product=your-light-single-vo-18-11-24","title":{"rendered":"Your Light &#8211; Single V\u00d6 &#8211; 18.11.24"},"content":{"rendered":"<p>Hier in die Single reinh\u00f6ren:<\/p>\n<!--[if lt IE 9]><script>document.createElement('audio');<\/script><![endif]-->\n<audio class=\"wp-audio-shortcode\" id=\"audio-988101-1\" preload=\"none\" style=\"width: 100%;\" controls=\"controls\"><source type=\"audio\/mpeg\" src=\"https:\/\/felicemusic.de\/wp-content\/uploads\/2024\/10\/Snippet-Your-Light.mp3?_=1\" \/><a href=\"https:\/\/felicemusic.de\/wp-content\/uploads\/2024\/10\/Snippet-Your-Light.mp3\">https:\/\/felicemusic.de\/wp-content\/uploads\/2024\/10\/Snippet-Your-Light.mp3<\/a><\/audio>\n<p>&nbsp;<\/p>\n<blockquote><p>&nbsp;<\/p>\n<p>Mit ihrer unverwechselbaren Stimme und einer unb\u00e4ndigen Leidenschaft f\u00fcr ehrliche Musik meldet sich Felice mit ihrer neuesten Single YOUR LIGHT zur\u00fcck. Eine Mischung aus emotionaler Tiefe und mitrei\u00dfender Melodie \u2013 dieser Song l\u00e4sst niemanden unber\u00fchrt. Authentisch, kraftvoll und zugleich zart \u2013 Felice schafft es, mit wenigen T\u00f6nen eine ganze Welt voller Gef\u00fchle zu \u00f6ffnen.<\/p>\n<p>Wenn du Musik suchst, die dich wirklich ber\u00fchrt, dann ist dieser Song genau der richtige Soundtrack f\u00fcr deinen Moment. Lass dich von Felices einzigartiger Stimme verzaubern und entdecke, warum sie im internationalen Vergleich auf Augenh\u00f6he ist.<\/p>\n<p>&nbsp;<\/p><\/blockquote>\n","protected":false},"excerpt":{"rendered":"<p>Hier in die Single reinh\u00f6ren: &nbsp; &nbsp; Mit ihrer unverwechselbaren Stimme und einer unb\u00e4ndigen Leidenschaft f\u00fcr ehrliche Musik meldet sich Felice mit ihrer neuesten Single YOUR LIGHT zur\u00fcck. Eine Mischung aus emotionaler Tiefe und mitrei\u00dfender Melodie \u2013 dieser Song l\u00e4sst niemanden unber\u00fchrt. Authentisch, kraftvoll und zugleich zart \u2013 Felice schafft es, mit wenigen T\u00f6nen eine ganze Welt voller Gef\u00fchle zu \u00f6ffnen. Wenn du Musik suchst, die dich wirklich ber\u00fchrt, dann ist dieser Song genau der richtige Soundtrack f\u00fcr deinen Moment. Lass dich von Felices einzigartiger Stimme verzaubern und entdecke, warum sie im internationalen Vergleich auf Augenh\u00f6he ist. &nbsp;<\/p>\n","protected":false},"featured_media":988314,"comment_status":"open","ping_status":"closed","template":"","meta":{"inline_featured_image":false},"product_cat":[103,111],"product_tag":[],"class_list":{"0":"post-988101","1":"product","2":"type-product","3":"status-publish","4":"has-post-thumbnail","6":"product_cat-music","7":"product_cat-single","9":"first","10":"instock","11":"featured","12":"downloadable","13":"shipping-taxable","14":"purchasable","15":"product-type-simple"},"_links":{"self":[{"href":"https:\/\/felicemusic.de\/index.php?rest_route=\/wp\/v2\/product\/988101"}],"collection":[{"href":"https:\/\/felicemusic.de\/index.php?rest_route=\/wp\/v2\/product"}],"about":[{"href":"https:\/\/felicemusic.de\/index.php?rest_route=\/wp\/v2\/types\/product"}],"replies":[{"embeddable":true,"href":"https:\/\/felicemusic.de\/index.php?rest_route=%2Fwp%2Fv2%2Fcomments&post=988101"}],"wp:featuredmedia":[{"embeddable":true,"href":"https:\/\/felicemusic.de\/index.php?rest_route=\/wp\/v2\/media\/988314"}],"wp:attachment":[{"href":"https:\/\/felicemusic.de\/index.php?rest_route=%2Fwp%2Fv2%2Fmedia&parent=988101"}],"wp:term":[{"taxonomy":"product_cat","embeddable":true,"href":"https:\/\/felicemusic.de\/index.php?rest_route=%2Fwp%2Fv2%2Fproduct_cat&post=988101"},{"taxonomy":"product_tag","embeddable":true,"href":"https:\/\/felicemusic.de\/index.php?rest_route=%2Fwp%2Fv2%2Fproduct_tag&post=988101"}],"curies":[{"name":"wp","href":"https:\/\/api.w.org\/{rel}","templated":true}]}}