{"id":988354,"date":"2024-11-24T08:19:08","date_gmt":"2024-11-24T07:19:08","guid":{"rendered":"https:\/\/felicemusic.de\/?post_type=product&#038;p=988354"},"modified":"2025-06-03T13:38:14","modified_gmt":"2025-06-03T11:38:14","slug":"xmas-single-download-hold-together-now-voe-10-11-2023","status":"publish","type":"product","link":"https:\/\/felicemusic.de\/?product=xmas-single-download-hold-together-now-voe-10-11-2023","title":{"rendered":"Xmas-EP Download &#8211;  Hold Together Now (V\u00d6. 10.11.2023)"},"content":{"rendered":"<p>Achtung hier kaufst du die Weihnachts-Single als Download!<\/p>\n<blockquote><p>Mit <strong><em>&#8222;Hold Together Now&#8220;<\/em><\/strong> schenkt Felice der Weihnachtszeit eine kraftvolle Botschaft: Inmitten der Hektik l\u00e4dt sie dazu ein,<br \/>\ninnezuhalten und echte Verbundenheit zu sp\u00fcren. Authentisch und voller Gef\u00fchl erinnert ihre Single daran,<br \/>\nwas in dieser besonderen Zeit wirklich z\u00e4hlt.<\/p><\/blockquote>\n<p>&nbsp;<\/p>\n<p>Hier reinh\u00f6ren:<\/p>\n<!--[if lt IE 9]><script>document.createElement('audio');<\/script><![endif]-->\n<audio class=\"wp-audio-shortcode\" id=\"audio-988354-1\" preload=\"none\" style=\"width: 100%;\" controls=\"controls\"><source type=\"audio\/mpeg\" src=\"https:\/\/felicemusic.de\/wp-content\/uploads\/2024\/11\/teaser-Hold-Together-Now-2024-112424-8.08-AM.mp3?_=1\" \/><a href=\"https:\/\/felicemusic.de\/wp-content\/uploads\/2024\/11\/teaser-Hold-Together-Now-2024-112424-8.08-AM.mp3\">https:\/\/felicemusic.de\/wp-content\/uploads\/2024\/11\/teaser-Hold-Together-Now-2024-112424-8.08-AM.mp3<\/a><\/audio>\n<p>&nbsp;<\/p>\n<p>Tracklist:<\/p>\n<p>&nbsp;<\/p>\n<ol>\n<li>Hold Together Now<\/li>\n<li>Hold Together Now\u00a0 (Radio Edit)<\/li>\n<li>Hold Together Now\u00a0 (Instrumental Version)<\/li>\n<li>Hold Together Now\u00a0 Felice feat. Carlos Lima &amp; Orchestra Banda Lyra Mojimiriana (Orchester Version)<\/li>\n<li>Hold Together Now\u00a0 (Orchester Instrumental)<\/li>\n<\/ol>\n<p>&nbsp;<\/p>\n<p>Lyrics:<\/p>\n<p>&nbsp;<\/p>\n<p><span style=\"color: #000000;\"><span style=\"font-size: large;\"><u><b>Hold together now by Felice<\/b><\/u><\/span><\/span><\/p>\n<p><span style=\"color: #000000;\"><span style=\"font-size: small;\">Christmas Time<br \/>\nI want you to know, I&#8217;m there<\/span><\/span><\/p>\n<p><span style=\"color: #000000;\"><span style=\"font-size: small;\">My heart is full<br \/>\nLove is, what we share<br \/>\n<\/span><\/span><\/p>\n<p><span style=\"color: #000000;\"><span style=\"font-size: small;\">Christmas Time <\/span><\/span><\/p>\n<p><span style=\"color: #000000;\"><span style=\"font-size: small;\">Its about peace an light<\/span><\/span><\/p>\n<p><span style=\"color: #000000;\"><span style=\"font-size: small;\">Lett your sorrows fly away tonight <\/span><\/span><\/p>\n<p><span style=\"color: #000000;\"><span style=\"font-size: small;\">I&#8217;m gonna pray for silence \u2013 once a year<\/span><\/span><\/p>\n<p><span style=\"color: #000000;\"><span style=\"font-size: small;\">No one shall live alone. No one shall live in fear <\/span><\/span><\/p>\n<p><span style=\"color: #000000;\"><span style=\"font-size: small;\"><b>Let us hold together now <\/b><\/span><\/span><\/p>\n<p><span style=\"color: #000000;\"><span style=\"font-size: small;\"><b>ALL Together now<\/b><\/span><\/span><\/p>\n<p><span style=\"color: #000000;\"><span style=\"font-size: small;\"><b>Look into eachothers eyes and <\/b><\/span><\/span><\/p>\n<p><span style=\"color: #000000;\"><span style=\"font-size: small;\"><b>celebrate good times <\/b><\/span><\/span><\/p>\n<p><span style=\"color: #000000;\"><span style=\"font-size: small;\"><b>Let us hold together now <\/b><\/span><\/span><\/p>\n<p><span style=\"color: #000000;\"><span style=\"font-size: small;\"><b>ALL Together now<\/b><\/span><\/span><\/p>\n<p><span style=\"color: #000000;\"><span style=\"font-size: small;\"><b>We are One and we are Friends <\/b><\/span><\/span><\/p>\n<p><span style=\"color: #000000;\"><span style=\"font-size: small;\"><b>And this is how it all begins<\/b><\/span><\/span><\/p>\n<p><span style=\"color: #000000;\"><span style=\"font-size: small;\">Let me know what I can do for you <\/span><\/span><\/p>\n<p><span style=\"color: #000000;\"><span style=\"font-size: small;\">what ever feels right, even the tinest wish too! <\/span><\/span><\/p>\n<p><span style=\"color: #000000;\"><span style=\"font-size: small;\">Well, Do you know about the things you can do<br \/>\nSpread your love and you&#8217;ll be giving too!<br \/>\n<\/span><\/span><\/p>\n<p><span style=\"color: #000000;\"><span style=\"font-size: small;\">Peaceful, warm and silent \u2013 once a year <\/span><\/span><\/p>\n<p><span style=\"color: #000000;\"><span style=\"font-size: small;\">No one shall remain unloved or live in fear<\/span><\/span><\/p>\n<p><span style=\"color: #000000;\"><span style=\"font-size: small;\"><b>Let us hold together now <\/b><\/span><\/span><\/p>\n<p><span style=\"color: #000000;\"><span style=\"font-size: small;\"><b>ALL Together now<\/b><\/span><\/span><\/p>\n<p><span style=\"color: #000000;\"><span style=\"font-size: small;\"><b>Look into eachothers eyes and <\/b><\/span><\/span><\/p>\n<p><span style=\"color: #000000;\"><span style=\"font-size: small;\"><b>celebrate good times <\/b><\/span><\/span><\/p>\n<p><span style=\"color: #000000;\"><span style=\"font-size: small;\"><b>Let us hold together now <\/b><\/span><\/span><\/p>\n<p><span style=\"color: #000000;\"><span style=\"font-size: small;\"><b>ALL Together now<\/b><\/span><\/span><\/p>\n<p><span style=\"color: #000000;\"><span style=\"font-size: small;\"><b>We are One and we are friends <\/b><\/span><\/span><\/p>\n<p><span style=\"color: #000000;\"><span style=\"font-size: small;\"><b>And this is how it all begins<\/b><\/span><\/span><\/p>\n<p><span style=\"color: #000000;\"><span style=\"font-size: small;\">Let us hold together now <\/span><\/span><\/p>\n<p><span style=\"color: #000000;\"><span style=\"font-size: small;\">ALL together now<\/span><\/span><\/p>\n<p><span style=\"color: #000000;\"><span style=\"font-size: small;\">Look into eachothers eyes and <\/span><\/span><\/p>\n<p><span style=\"color: #000000;\"><span style=\"font-size: small;\">celebrate good times <\/span><\/span><\/p>\n<p><span style=\"color: #000000;\"><span style=\"font-size: small;\">Let us hold together now <\/span><\/span><\/p>\n<p><span style=\"color: #000000;\"><span style=\"font-size: small;\">ALL together now<\/span><\/span><\/p>\n<p><span style=\"color: #000000;\"><span style=\"font-size: small;\">We are One and we are friends <\/span><\/span><\/p>\n<p><span style=\"color: #000000;\"><span style=\"font-size: small;\">And this is how it all begins<\/span><\/span><\/p>\n","protected":false},"excerpt":{"rendered":"<p>Achtung hier kaufst du die Weihnachts-Single als Download! Mit &#8222;Hold Together Now&#8220; schenkt Felice der Weihnachtszeit eine kraftvolle Botschaft: Inmitten der Hektik l\u00e4dt sie dazu ein, innezuhalten und echte Verbundenheit zu sp\u00fcren. Authentisch und voller Gef\u00fchl erinnert ihre Single daran, was in dieser besonderen Zeit wirklich z\u00e4hlt. &nbsp; Hier reinh\u00f6ren: &nbsp; Tracklist: &nbsp; Hold Together Now Hold Together Now\u00a0 (Radio Edit) Hold Together Now\u00a0 (Instrumental Version) Hold Together Now\u00a0 Felice feat. Carlos Lima &amp; Orchestra Banda Lyra Mojimiriana (Orchester Version) Hold Together Now\u00a0 (Orchester Instrumental) &nbsp; Lyrics: &nbsp; Hold together now by Felice Christmas Time I want you to know, I&#8217;m there My heart is full Love is, what we share Christmas Time Its about peace an light Lett your sorrows fly away tonight I&#8217;m gonna pray for silence \u2013 once a year No one shall live alone. No one shall live in fear Let us hold together now ALL Together now Look into eachothers eyes and celebrate good times Let us hold together now ALL Together now We are One and we are Friends And this is how it all begins Let me know what I can do for you what ever feels right, even the tinest wish too! Well, Do you know about the things you can do Spread your love and you&#8217;ll be giving too! Peaceful, warm and silent \u2013 once a year No one shall remain unloved or live in fear Let us hold together now ALL Together now Look into eachothers eyes and celebrate good times Let us hold together now ALL Together now We are One and we are friends And this is how it all begins Let us hold together now ALL together now Look into eachothers eyes and celebrate good times Let us hold together now ALL together now We are One and we are friends And this is how it all begins<\/p>\n","protected":false},"featured_media":988144,"comment_status":"open","ping_status":"closed","template":"","meta":{"inline_featured_image":false},"product_cat":[15],"product_tag":[],"class_list":{"0":"post-988354","1":"product","2":"type-product","3":"status-publish","4":"has-post-thumbnail","6":"product_cat-uncategorized","8":"first","9":"instock","10":"sale","11":"downloadable","12":"shipping-taxable","13":"purchasable","14":"product-type-simple"},"_links":{"self":[{"href":"https:\/\/felicemusic.de\/index.php?rest_route=\/wp\/v2\/product\/988354"}],"collection":[{"href":"https:\/\/felicemusic.de\/index.php?rest_route=\/wp\/v2\/product"}],"about":[{"href":"https:\/\/felicemusic.de\/index.php?rest_route=\/wp\/v2\/types\/product"}],"replies":[{"embeddable":true,"href":"https:\/\/felicemusic.de\/index.php?rest_route=%2Fwp%2Fv2%2Fcomments&post=988354"}],"wp:featuredmedia":[{"embeddable":true,"href":"https:\/\/felicemusic.de\/index.php?rest_route=\/wp\/v2\/media\/988144"}],"wp:attachment":[{"href":"https:\/\/felicemusic.de\/index.php?rest_route=%2Fwp%2Fv2%2Fmedia&parent=988354"}],"wp:term":[{"taxonomy":"product_cat","embeddable":true,"href":"https:\/\/felicemusic.de\/index.php?rest_route=%2Fwp%2Fv2%2Fproduct_cat&post=988354"},{"taxonomy":"product_tag","embeddable":true,"href":"https:\/\/felicemusic.de\/index.php?rest_route=%2Fwp%2Fv2%2Fproduct_tag&post=988354"}],"curies":[{"name":"wp","href":"https:\/\/api.w.org\/{rel}","templated":true}]}}