{"id":988520,"date":"2025-08-29T10:46:37","date_gmt":"2025-08-29T08:46:37","guid":{"rendered":"https:\/\/felicemusic.de\/?post_type=product&#038;p=988520"},"modified":"2025-10-11T00:22:07","modified_gmt":"2025-10-10T22:22:07","slug":"nur-fuer-kurze-zeit-fan-bundle-shirt-album-songbook-gratis","status":"publish","type":"product","link":"https:\/\/felicemusic.de\/?product=nur-fuer-kurze-zeit-fan-bundle-shirt-album-songbook-gratis","title":{"rendered":"Nur f\u00fcr kurze Zeit: Fan-Bundle (Shirt &#038; Album, Songbook gratis)"},"content":{"rendered":"<p data-start=\"78\" data-end=\"248\">\ud83d\udc55 <strong data-start=\"90\" data-end=\"111\">Shirt + CD Bundle<\/strong><br data-start=\"111\" data-end=\"114\" \/>Hol dir das exklusive Tourshirt zusammen mit dem Album <em data-start=\"169\" data-end=\"181\">Lighthouse<\/em>!<br data-start=\"182\" data-end=\"185\" \/>Als Geschenk gibt\u2019s das <strong data-start=\"209\" data-end=\"228\">Songbook gratis<\/strong> dazu. \ud83c\udfb6\u2728<\/p>\n<p>&nbsp;<\/p>\n<p>Sichere dir jetzt das exklusive Tour-Shirt: \u201eBetween The Lines\u201c<br \/>\nEs ist in 2 Farben erh\u00e4ltlich:\u00a0 bordeaux und schwarz,<br \/>\nGr\u00f6\u00dfen: XS, S, M, L, Xl, XXL<br \/>\nIm letzten Schritt der Bestellung hast du die M\u00f6glichkeit in den Bemerkungen anzugeben, welche Farbe und Gr\u00f6\u00dfe du bestellen m\u00f6chtest!<br \/>\nBitte angeben ob Herren- oder Damenshirt!<\/p>\n<p>Produktdetails: Damen T-Shirt \/ Herren T-Shirt<\/p>\n<p>100% Baumwolle (Belcoro\u00ae Garn)<\/p>\n<p>Rundhalsausschnitt mit Rippstrick<br \/>\nund Verst\u00e4rkung durch Nackenband<\/p>\n<p>Stoffdichte 145g\/m2 (wei\u00df: 135g\/m2)<\/p>\n<p>Damen: Seitenn\u00e4hte mit femininer Passform<\/p>\n<p data-start=\"78\" data-end=\"248\">\ud83c\udf1f <strong data-start=\"81\" data-end=\"137\">5 Monate nach dem Release meines Albums <em data-start=\"123\" data-end=\"135\">Lighthouse<\/em><\/strong> \ud83c\udf1f<br data-start=\"140\" data-end=\"143\" \/>m\u00f6chte ich mit euch die kleine <strong data-start=\"174\" data-end=\"194\">Tourpause feiern<\/strong> \u2013 und zwar mit einem besonderen Merch-Special! \ud83e\udd73\ud83c\udfb6<\/p>\n<p data-start=\"250\" data-end=\"355\">Damit ihr ein St\u00fcck Musik &amp; Erinnerung mit nach Hause nehmen k\u00f6nnt, gibt\u2019s ab sofort exklusive Bundles:<\/p>\n<ul data-start=\"356\" data-end=\"489\">\n<li data-start=\"356\" data-end=\"391\">\n<p data-start=\"358\" data-end=\"391\">\ud83d\udc55 Shirt + CD \u2192 Songbook gratis<\/p>\n<\/li>\n<li data-start=\"392\" data-end=\"428\">\n<p data-start=\"394\" data-end=\"428\">\ud83e\udde5 Hoodie + CD \u2192 Songbook gratis<\/p>\n<\/li>\n<li data-start=\"429\" data-end=\"489\">\n<p data-start=\"431\" data-end=\"489\">\ud83d\udcbf CD + Songbook \u2192 exklusiver Felice-Gelschreiber gratis<\/p>\n<\/li>\n<\/ul>\n","protected":false},"excerpt":{"rendered":"<p data-start=\"78\" data-end=\"248\">\ud83d\udc55 <strong data-start=\"90\" data-end=\"111\">Shirt + CD Bundle<\/strong><br data-start=\"111\" data-end=\"114\" \/>Hol dir das exklusive Tourshirt zusammen mit dem Album <em data-start=\"169\" data-end=\"181\">Lighthouse<\/em>!<br data-start=\"182\" data-end=\"185\" \/>Als Geschenk gibt\u2019s das <strong data-start=\"209\" data-end=\"228\">Songbook gratis<\/strong> dazu. \ud83c\udfb6\u2728<\/p>\n<p>&nbsp;<\/p>\n","protected":false},"featured_media":988522,"comment_status":"open","ping_status":"closed","template":"","meta":{"inline_featured_image":false},"product_cat":[124,113,103,125,86],"product_tag":[],"class_list":{"0":"post-988520","1":"product","2":"type-product","3":"status-publish","4":"has-post-thumbnail","6":"product_cat-album","7":"product_cat-merchandise","8":"product_cat-music","9":"product_cat-songbook","10":"product_cat-t-shirts","11":"product_shipping_class-hoddies-tshirts","13":"first","14":"instock","15":"shipping-taxable","16":"purchasable","17":"product-type-simple"},"_links":{"self":[{"href":"https:\/\/felicemusic.de\/index.php?rest_route=\/wp\/v2\/product\/988520"}],"collection":[{"href":"https:\/\/felicemusic.de\/index.php?rest_route=\/wp\/v2\/product"}],"about":[{"href":"https:\/\/felicemusic.de\/index.php?rest_route=\/wp\/v2\/types\/product"}],"replies":[{"embeddable":true,"href":"https:\/\/felicemusic.de\/index.php?rest_route=%2Fwp%2Fv2%2Fcomments&post=988520"}],"wp:featuredmedia":[{"embeddable":true,"href":"https:\/\/felicemusic.de\/index.php?rest_route=\/wp\/v2\/media\/988522"}],"wp:attachment":[{"href":"https:\/\/felicemusic.de\/index.php?rest_route=%2Fwp%2Fv2%2Fmedia&parent=988520"}],"wp:term":[{"taxonomy":"product_cat","embeddable":true,"href":"https:\/\/felicemusic.de\/index.php?rest_route=%2Fwp%2Fv2%2Fproduct_cat&post=988520"},{"taxonomy":"product_tag","embeddable":true,"href":"https:\/\/felicemusic.de\/index.php?rest_route=%2Fwp%2Fv2%2Fproduct_tag&post=988520"}],"curies":[{"name":"wp","href":"https:\/\/api.w.org\/{rel}","templated":true}]}}